{"id":74,"date":"2022-08-21T09:44:32","date_gmt":"2022-08-21T06:44:32","guid":{"rendered":"https:\/\/replicants-project.com\/esileht\/"},"modified":"2022-10-29T13:45:20","modified_gmt":"2022-10-29T10:45:20","slug":"esileht","status":"publish","type":"page","link":"https:\/\/replicants-project.com\/et\/","title":{"rendered":"Kodu"},"content":{"rendered":"\t\t<div data-elementor-type=\"wp-post\" data-elementor-id=\"74\" class=\"elementor elementor-74 elementor-7\">\n\t\t\t\t\t\t\t\t\t<section class=\"elementor-section elementor-top-section elementor-element elementor-element-4534c1d elementor-section-boxed elementor-section-height-default elementor-section-height-default\" data-id=\"4534c1d\" data-element_type=\"section\">\n\t\t\t\t\t\t<div class=\"elementor-container elementor-column-gap-default\">\n\t\t\t\t\t<div class=\"elementor-column elementor-col-50 elementor-top-column elementor-element elementor-element-65b53d2\" data-id=\"65b53d2\" data-element_type=\"column\">\n\t\t\t<div class=\"elementor-widget-wrap elementor-element-populated\">\n\t\t\t\t\t\t\t\t<div class=\"elementor-element elementor-element-b158e4f elementor-widget elementor-widget-text-editor\" data-id=\"b158e4f\" data-element_type=\"widget\" data-widget_type=\"text-editor.default\">\n\t\t\t\t<div class=\"elementor-widget-container\">\n\t\t\t<style>\/*! elementor - v3.15.0 - 09-08-2023 *\/\n.elementor-widget-text-editor.elementor-drop-cap-view-stacked .elementor-drop-cap{background-color:#69727d;color:#fff}.elementor-widget-text-editor.elementor-drop-cap-view-framed .elementor-drop-cap{color:#69727d;border:3px solid;background-color:transparent}.elementor-widget-text-editor:not(.elementor-drop-cap-view-default) .elementor-drop-cap{margin-top:8px}.elementor-widget-text-editor:not(.elementor-drop-cap-view-default) .elementor-drop-cap-letter{width:1em;height:1em}.elementor-widget-text-editor .elementor-drop-cap{float:left;text-align:center;line-height:1;font-size:50px}.elementor-widget-text-editor .elementor-drop-cap-letter{display:inline-block}<\/style>\t\t\t\t<p data-pm-slice=\"1 1 []\">Oleme <span style=\"color: #162638;\">Replicants Project<\/span>, inimeste meeskond, kellel on pikk tehnoloogilise innovatsiooni ajalugu. Olime seal siis, kui Internet s\u00fcndis, ja oleme sellest ajast saadik j\u00e4lginud, kuidas see kasvab ja muutub.<\/p>\n\t\t\t\t\t\t<\/div>\n\t\t\t\t<\/div>\n\t\t\t\t<div class=\"elementor-element elementor-element-e7ed1ad elementor-widget elementor-widget-text-editor\" data-id=\"e7ed1ad\" data-element_type=\"widget\" data-widget_type=\"text-editor.default\">\n\t\t\t\t<div class=\"elementor-widget-container\">\n\t\t\t\t\t\t\t<p>Oleme <span style=\"color: #162638;\">olnud pealtvaatajad ja osalised selle arengus<\/span>. Oleme n\u00e4inud, kuidas Internet on muutunud lihtsast ideest globaalseks n\u00e4htuseks. Sellest on saanud meie igap\u00e4evaelu oluline osa, alates suhtlusest, kaubandusest ja l\u00f5petades meelelahutusega.<\/p>\n\t\t\t\t\t\t<\/div>\n\t\t\t\t<\/div>\n\t\t\t\t<div class=\"elementor-element elementor-element-5c16da0 elementor-widget elementor-widget-text-editor\" data-id=\"5c16da0\" data-element_type=\"widget\" data-widget_type=\"text-editor.default\">\n\t\t\t\t<div class=\"elementor-widget-container\">\n\t\t\t\t\t\t\t<p>Nagu arvata v\u00f5is, on <span style=\"color: #162638;\">meie kogemused<\/span> andnud meile \u00fclevaate sellest, kuidas tehnoloogiat t\u00e4nap\u00e4eval kasutatakse ja kuidas seda saab kasutada elu paremaks muutmiseks.<\/p>\n\t\t\t\t\t\t<\/div>\n\t\t\t\t<\/div>\n\t\t\t\t<div class=\"elementor-element elementor-element-9b07c10 elementor-widget elementor-widget-text-editor\" data-id=\"9b07c10\" data-element_type=\"widget\" data-widget_type=\"text-editor.default\">\n\t\t\t\t<div class=\"elementor-widget-container\">\n\t\t\t\t\t\t\t<p>Ja see areneb endiselt, sest me \u00f5pime rohkem tundma, kuidas see toimib ja millist rolli see v\u00f5ib m\u00e4ngida meie elus \u00fcksikisiku ja \u00fchiskonnana.<\/p>\n\t\t\t\t\t\t<\/div>\n\t\t\t\t<\/div>\n\t\t\t\t\t<\/div>\n\t\t<\/div>\n\t\t\t\t<div class=\"elementor-column elementor-col-50 elementor-top-column elementor-element elementor-element-93097ea elementor-hidden-mobile\" data-id=\"93097ea\" data-element_type=\"column\">\n\t\t\t<div class=\"elementor-widget-wrap elementor-element-populated\">\n\t\t\t\t\t\t\t\t<div class=\"elementor-element elementor-element-3fa8bf0 elementor-widget elementor-widget-image\" data-id=\"3fa8bf0\" data-element_type=\"widget\" data-widget_type=\"image.default\">\n\t\t\t\t<div class=\"elementor-widget-container\">\n\t\t\t<style>\/*! elementor - v3.15.0 - 09-08-2023 *\/\n.elementor-widget-image{text-align:center}.elementor-widget-image a{display:inline-block}.elementor-widget-image a img[src$=\".svg\"]{width:48px}.elementor-widget-image img{vertical-align:middle;display:inline-block}<\/style>\t\t\t\t\t\t\t\t\t\t\t\t<img decoding=\"async\" width=\"160\" height=\"300\" src=\"https:\/\/replicants-project.com\/wp-content\/uploads\/2022\/09\/4379407-160x300.jpg\" class=\"attachment-medium size-medium wp-image-270\" alt=\"\" srcset=\"https:\/\/replicants-project.com\/wp-content\/uploads\/2022\/09\/4379407-160x300.jpg 160w, https:\/\/replicants-project.com\/wp-content\/uploads\/2022\/09\/4379407-547x1024.jpg 547w, https:\/\/replicants-project.com\/wp-content\/uploads\/2022\/09\/4379407.jpg 744w\" sizes=\"(max-width: 160px) 100vw, 160px\" \/>\t\t\t\t\t\t\t\t\t\t\t\t\t\t\t<\/div>\n\t\t\t\t<\/div>\n\t\t\t\t\t<\/div>\n\t\t<\/div>\n\t\t\t\t\t\t\t<\/div>\n\t\t<\/section>\n\t\t\t\t<section class=\"elementor-section elementor-top-section elementor-element elementor-element-ead3a97 elementor-section-boxed elementor-section-height-default elementor-section-height-default\" data-id=\"ead3a97\" data-element_type=\"section\">\n\t\t\t\t\t\t<div class=\"elementor-container elementor-column-gap-default\">\n\t\t\t\t\t<div class=\"elementor-column elementor-col-100 elementor-top-column elementor-element elementor-element-fa1fb0f\" data-id=\"fa1fb0f\" data-element_type=\"column\">\n\t\t\t<div class=\"elementor-widget-wrap elementor-element-populated\">\n\t\t\t\t\t\t\t\t<div class=\"elementor-element elementor-element-02ca8c6 elementor-widget elementor-widget-spacer\" data-id=\"02ca8c6\" data-element_type=\"widget\" data-widget_type=\"spacer.default\">\n\t\t\t\t<div class=\"elementor-widget-container\">\n\t\t\t<style>\/*! elementor - v3.15.0 - 09-08-2023 *\/\n.elementor-column .elementor-spacer-inner{height:var(--spacer-size)}.e-con{--container-widget-width:100%}.e-con-inner>.elementor-widget-spacer,.e-con>.elementor-widget-spacer{width:var(--container-widget-width,var(--spacer-size));--align-self:var(--container-widget-align-self,initial);--flex-shrink:0}.e-con-inner>.elementor-widget-spacer>.elementor-widget-container,.e-con-inner>.elementor-widget-spacer>.elementor-widget-container>.elementor-spacer,.e-con>.elementor-widget-spacer>.elementor-widget-container,.e-con>.elementor-widget-spacer>.elementor-widget-container>.elementor-spacer{height:100%}.e-con-inner>.elementor-widget-spacer>.elementor-widget-container>.elementor-spacer>.elementor-spacer-inner,.e-con>.elementor-widget-spacer>.elementor-widget-container>.elementor-spacer>.elementor-spacer-inner{height:var(--container-widget-height,var(--spacer-size))}<\/style>\t\t<div class=\"elementor-spacer\">\n\t\t\t<div class=\"elementor-spacer-inner\"><\/div>\n\t\t<\/div>\n\t\t\t\t<\/div>\n\t\t\t\t<\/div>\n\t\t\t\t<div class=\"elementor-element elementor-element-62ac026 elementor-widget elementor-widget-image-carousel\" data-id=\"62ac026\" data-element_type=\"widget\" data-settings=\"{&quot;slides_to_show&quot;:&quot;4&quot;,&quot;navigation&quot;:&quot;none&quot;,&quot;pause_on_hover&quot;:&quot;no&quot;,&quot;pause_on_interaction&quot;:&quot;no&quot;,&quot;autoplay_speed&quot;:2000,&quot;autoplay&quot;:&quot;yes&quot;,&quot;infinite&quot;:&quot;yes&quot;,&quot;speed&quot;:500}\" data-widget_type=\"image-carousel.default\">\n\t\t\t\t<div class=\"elementor-widget-container\">\n\t\t\t<style>\/*! elementor - v3.15.0 - 09-08-2023 *\/\n.elementor-widget-image-carousel .swiper,.elementor-widget-image-carousel .swiper-container{position:static}.elementor-widget-image-carousel .swiper-container .swiper-slide figure,.elementor-widget-image-carousel .swiper .swiper-slide figure{line-height:inherit}.elementor-widget-image-carousel .swiper-slide{text-align:center}.elementor-image-carousel-wrapper:not(.swiper-container-initialized):not(.swiper-initialized) .swiper-slide{max-width:calc(100% \/ var(--e-image-carousel-slides-to-show, 3))}<\/style>\t\t<div class=\"elementor-image-carousel-wrapper swiper-container\" dir=\"ltr\">\n\t\t\t<div class=\"elementor-image-carousel swiper-wrapper\" aria-live=\"off\">\n\t\t\t\t\t\t\t\t<div class=\"swiper-slide\" role=\"group\" aria-roledescription=\"slide\" aria-label=\"1 of 19\"><figure class=\"swiper-slide-inner\"><img decoding=\"async\" class=\"swiper-slide-image\" src=\"https:\/\/replicants-project.com\/wp-content\/uploads\/2022\/08\/xaviflors-001-150x150.jpg\" alt=\"xaviflors-001\" \/><\/figure><\/div><div class=\"swiper-slide\" role=\"group\" aria-roledescription=\"slide\" aria-label=\"2 of 19\"><figure class=\"swiper-slide-inner\"><img decoding=\"async\" class=\"swiper-slide-image\" src=\"https:\/\/replicants-project.com\/wp-content\/uploads\/2022\/08\/vilardell-portada-150x150.jpg\" alt=\"vilardell-portada\" \/><\/figure><\/div><div class=\"swiper-slide\" role=\"group\" aria-roledescription=\"slide\" aria-label=\"3 of 19\"><figure class=\"swiper-slide-inner\"><img decoding=\"async\" class=\"swiper-slide-image\" src=\"https:\/\/replicants-project.com\/wp-content\/uploads\/2022\/08\/simplybepilates-001-150x150.jpg\" alt=\"simplybepilates-001\" \/><\/figure><\/div><div class=\"swiper-slide\" role=\"group\" aria-roledescription=\"slide\" aria-label=\"4 of 19\"><figure class=\"swiper-slide-inner\"><img decoding=\"async\" class=\"swiper-slide-image\" src=\"https:\/\/replicants-project.com\/wp-content\/uploads\/2022\/08\/rodriguez-portada-150x150.jpg\" alt=\"rodriguez-portada\" \/><\/figure><\/div><div class=\"swiper-slide\" role=\"group\" aria-roledescription=\"slide\" aria-label=\"5 of 19\"><figure class=\"swiper-slide-inner\"><img decoding=\"async\" class=\"swiper-slide-image\" src=\"https:\/\/replicants-project.com\/wp-content\/uploads\/2022\/08\/comprarseguidores-001-150x150.jpg\" alt=\"comprarseguidores-001\" \/><\/figure><\/div><div class=\"swiper-slide\" role=\"group\" aria-roledescription=\"slide\" aria-label=\"6 of 19\"><figure class=\"swiper-slide-inner\"><img decoding=\"async\" class=\"swiper-slide-image\" src=\"https:\/\/replicants-project.com\/wp-content\/uploads\/2022\/08\/canberri-001-150x150.jpg\" alt=\"canberri-001\" \/><\/figure><\/div><div class=\"swiper-slide\" role=\"group\" aria-roledescription=\"slide\" aria-label=\"7 of 19\"><figure class=\"swiper-slide-inner\"><img decoding=\"async\" class=\"swiper-slide-image\" src=\"https:\/\/replicants-project.com\/wp-content\/uploads\/2022\/08\/educartis-001-150x150.jpg\" alt=\"educartis-001\" \/><\/figure><\/div><div class=\"swiper-slide\" role=\"group\" aria-roledescription=\"slide\" aria-label=\"8 of 19\"><figure class=\"swiper-slide-inner\"><img decoding=\"async\" class=\"swiper-slide-image\" src=\"https:\/\/replicants-project.com\/wp-content\/uploads\/2022\/08\/equity-portada-150x150.jpg\" alt=\"equity-portada\" \/><\/figure><\/div><div class=\"swiper-slide\" role=\"group\" aria-roledescription=\"slide\" aria-label=\"9 of 19\"><figure class=\"swiper-slide-inner\"><img decoding=\"async\" class=\"swiper-slide-image\" src=\"https:\/\/replicants-project.com\/wp-content\/uploads\/2022\/08\/horta-001-150x150.jpg\" alt=\"horta-001\" \/><\/figure><\/div><div class=\"swiper-slide\" role=\"group\" aria-roledescription=\"slide\" aria-label=\"10 of 19\"><figure class=\"swiper-slide-inner\"><img decoding=\"async\" class=\"swiper-slide-image\" src=\"https:\/\/replicants-project.com\/wp-content\/uploads\/2022\/08\/nicapp-001-150x150.jpg\" alt=\"nicapp-001\" \/><\/figure><\/div><div class=\"swiper-slide\" role=\"group\" aria-roledescription=\"slide\" aria-label=\"11 of 19\"><figure class=\"swiper-slide-inner\"><img decoding=\"async\" class=\"swiper-slide-image\" src=\"https:\/\/replicants-project.com\/wp-content\/uploads\/2022\/08\/ipsen-portada-150x150.jpg\" alt=\"ipsen-portada\" \/><\/figure><\/div><div class=\"swiper-slide\" role=\"group\" aria-roledescription=\"slide\" aria-label=\"12 of 19\"><figure class=\"swiper-slide-inner\"><img decoding=\"async\" class=\"swiper-slide-image\" src=\"https:\/\/replicants-project.com\/wp-content\/uploads\/2022\/08\/nuclear-portada-150x150.jpg\" alt=\"nuclear-portada\" \/><\/figure><\/div><div class=\"swiper-slide\" role=\"group\" aria-roledescription=\"slide\" aria-label=\"13 of 19\"><figure class=\"swiper-slide-inner\"><img decoding=\"async\" class=\"swiper-slide-image\" src=\"https:\/\/replicants-project.com\/wp-content\/uploads\/2022\/08\/primashield-portada-150x150.jpg\" alt=\"primashield-portada\" \/><\/figure><\/div><div class=\"swiper-slide\" role=\"group\" aria-roledescription=\"slide\" aria-label=\"14 of 19\"><figure class=\"swiper-slide-inner\"><img decoding=\"async\" class=\"swiper-slide-image\" src=\"https:\/\/replicants-project.com\/wp-content\/uploads\/2022\/08\/call2talk-001-150x150.jpg\" alt=\"call2talk-001\" \/><\/figure><\/div><div class=\"swiper-slide\" role=\"group\" aria-roledescription=\"slide\" aria-label=\"15 of 19\"><figure class=\"swiper-slide-inner\"><img decoding=\"async\" class=\"swiper-slide-image\" src=\"https:\/\/replicants-project.com\/wp-content\/uploads\/2022\/08\/barelraconet-001-150x150.jpg\" alt=\"barelraconet-001\" \/><\/figure><\/div><div class=\"swiper-slide\" role=\"group\" aria-roledescription=\"slide\" aria-label=\"16 of 19\"><figure class=\"swiper-slide-inner\"><img decoding=\"async\" class=\"swiper-slide-image\" src=\"https:\/\/replicants-project.com\/wp-content\/uploads\/2022\/08\/asoapp-001-150x150.jpg\" alt=\"asoapp-001\" \/><\/figure><\/div><div class=\"swiper-slide\" role=\"group\" aria-roledescription=\"slide\" aria-label=\"17 of 19\"><figure class=\"swiper-slide-inner\"><img decoding=\"async\" class=\"swiper-slide-image\" src=\"https:\/\/replicants-project.com\/wp-content\/uploads\/2022\/08\/appsideal-001-150x150.jpg\" alt=\"appsideal-001\" \/><\/figure><\/div><div class=\"swiper-slide\" role=\"group\" aria-roledescription=\"slide\" aria-label=\"18 of 19\"><figure class=\"swiper-slide-inner\"><img decoding=\"async\" class=\"swiper-slide-image\" src=\"https:\/\/replicants-project.com\/wp-content\/uploads\/2022\/08\/aditalento-001-150x150.jpg\" alt=\"aditalento-001\" \/><\/figure><\/div><div class=\"swiper-slide\" role=\"group\" aria-roledescription=\"slide\" aria-label=\"19 of 19\"><figure class=\"swiper-slide-inner\"><img decoding=\"async\" class=\"swiper-slide-image\" src=\"https:\/\/replicants-project.com\/wp-content\/uploads\/2022\/08\/actualiza-001-150x150.jpg\" alt=\"actualiza-001\" \/><\/figure><\/div>\t\t\t<\/div>\n\t\t\t\t\t\t\t\n\t\t\t\t\t\t\t\t\t<\/div>\n\t\t\t\t<\/div>\n\t\t\t\t<\/div>\n\t\t\t\t<div class=\"elementor-element elementor-element-0419666 elementor-widget elementor-widget-spacer\" data-id=\"0419666\" data-element_type=\"widget\" data-widget_type=\"spacer.default\">\n\t\t\t\t<div class=\"elementor-widget-container\">\n\t\t\t\t\t<div class=\"elementor-spacer\">\n\t\t\t<div class=\"elementor-spacer-inner\"><\/div>\n\t\t<\/div>\n\t\t\t\t<\/div>\n\t\t\t\t<\/div>\n\t\t\t\t\t<\/div>\n\t\t<\/div>\n\t\t\t\t\t\t\t<\/div>\n\t\t<\/section>\n\t\t\t\t<section class=\"elementor-section elementor-top-section elementor-element elementor-element-65bd37a elementor-section-boxed elementor-section-height-default elementor-section-height-default\" data-id=\"65bd37a\" data-element_type=\"section\">\n\t\t\t\t\t\t<div class=\"elementor-container elementor-column-gap-default\">\n\t\t\t\t\t<div class=\"elementor-column elementor-col-100 elementor-top-column elementor-element elementor-element-16f0caf\" data-id=\"16f0caf\" data-element_type=\"column\">\n\t\t\t<div class=\"elementor-widget-wrap elementor-element-populated\">\n\t\t\t\t\t\t\t\t<div class=\"elementor-element elementor-element-378dc44 elementor-widget elementor-widget-image\" data-id=\"378dc44\" data-element_type=\"widget\" data-widget_type=\"image.default\">\n\t\t\t\t<div class=\"elementor-widget-container\">\n\t\t\t\t\t\t\t\t\t\t\t\t\t\t\t<img decoding=\"async\" width=\"451\" height=\"291\" src=\"https:\/\/replicants-project.com\/wp-content\/uploads\/2022\/08\/replicants-logo-2.png\" class=\"attachment-large size-large wp-image-48\" alt=\"Replicants Project Logo 2\" srcset=\"https:\/\/replicants-project.com\/wp-content\/uploads\/2022\/08\/replicants-logo-2.png 451w, https:\/\/replicants-project.com\/wp-content\/uploads\/2022\/08\/replicants-logo-2-300x194.png 300w\" sizes=\"(max-width: 451px) 100vw, 451px\" \/>\t\t\t\t\t\t\t\t\t\t\t\t\t\t\t<\/div>\n\t\t\t\t<\/div>\n\t\t\t\t\t<\/div>\n\t\t<\/div>\n\t\t\t\t\t\t\t<\/div>\n\t\t<\/section>\n\t\t\t\t\t\t\t<\/div>\n\t\t","protected":false},"excerpt":{"rendered":"<p>Oleme Replicants Project, inimeste meeskond, kellel on pikk tehnoloogilise innovatsiooni ajalugu. Olime seal siis, kui Internet s\u00fcndis, ja oleme sellest ajast saadik j\u00e4lginud, kuidas see kasvab ja muutub. Oleme olnud pealtvaatajad ja osalised selle arengus. Oleme n\u00e4inud, kuidas Internet on muutunud lihtsast ideest globaalseks n\u00e4htuseks. Sellest on saanud meie igap\u00e4evaelu oluline osa, alates suhtlusest, kaubandusest [&hellip;]<\/p>\n","protected":false},"author":1,"featured_media":0,"parent":0,"menu_order":0,"comment_status":"closed","ping_status":"closed","template":"","meta":{"footnotes":""},"class_list":["post-74","page","type-page","status-publish","hentry"],"yoast_head":"<!-- This site is optimized with the Yoast SEO plugin v20.13 - https:\/\/yoast.com\/wordpress\/plugins\/seo\/ -->\n<title>Kodu - Replicants Project<\/title>\n<meta name=\"robots\" content=\"index, follow, max-snippet:-1, max-image-preview:large, max-video-preview:-1\" \/>\n<link rel=\"canonical\" href=\"https:\/\/replicants-project.com\/et\/\" \/>\n<meta property=\"og:locale\" content=\"et_EE\" \/>\n<meta property=\"og:type\" content=\"article\" \/>\n<meta property=\"og:title\" content=\"Kodu - Replicants Project\" \/>\n<meta property=\"og:description\" content=\"Oleme Replicants Project, inimeste meeskond, kellel on pikk tehnoloogilise innovatsiooni ajalugu. Olime seal siis, kui Internet s\u00fcndis, ja oleme sellest ajast saadik j\u00e4lginud, kuidas see kasvab ja muutub. Oleme olnud pealtvaatajad ja osalised selle arengus. Oleme n\u00e4inud, kuidas Internet on muutunud lihtsast ideest globaalseks n\u00e4htuseks. Sellest on saanud meie igap\u00e4evaelu oluline osa, alates suhtlusest, kaubandusest [&hellip;]\" \/>\n<meta property=\"og:url\" content=\"https:\/\/replicants-project.com\/et\/\" \/>\n<meta property=\"og:site_name\" content=\"Replicants Project\" \/>\n<meta property=\"article:modified_time\" content=\"2022-10-29T10:45:20+00:00\" \/>\n<meta property=\"og:image\" content=\"https:\/\/replicants-project.com\/wp-content\/uploads\/2022\/09\/4379407-160x300.jpg\" \/>\n<meta name=\"twitter:card\" content=\"summary_large_image\" \/>\n<meta name=\"twitter:label1\" content=\"Est. reading time\" \/>\n\t<meta name=\"twitter:data1\" content=\"1 minut\" \/>\n<script type=\"application\/ld+json\" class=\"yoast-schema-graph\">{\"@context\":\"https:\/\/schema.org\",\"@graph\":[{\"@type\":\"WebPage\",\"@id\":\"https:\/\/replicants-project.com\/et\/\",\"url\":\"https:\/\/replicants-project.com\/et\/\",\"name\":\"Kodu - Replicants Project\",\"isPartOf\":{\"@id\":\"https:\/\/replicants-project.com\/et\/#website\"},\"datePublished\":\"2022-08-21T06:44:32+00:00\",\"dateModified\":\"2022-10-29T10:45:20+00:00\",\"breadcrumb\":{\"@id\":\"https:\/\/replicants-project.com\/et\/#breadcrumb\"},\"inLanguage\":\"et\",\"potentialAction\":[{\"@type\":\"ReadAction\",\"target\":[\"https:\/\/replicants-project.com\/et\/\"]}]},{\"@type\":\"BreadcrumbList\",\"@id\":\"https:\/\/replicants-project.com\/et\/#breadcrumb\",\"itemListElement\":[{\"@type\":\"ListItem\",\"position\":1,\"name\":\"Kodu\",\"item\":\"https:\/\/replicants-project.com\/et\/\"},{\"@type\":\"ListItem\",\"position\":2,\"name\":\"Kodu\"}]},{\"@type\":\"WebSite\",\"@id\":\"https:\/\/replicants-project.com\/et\/#website\",\"url\":\"https:\/\/replicants-project.com\/et\/\",\"name\":\"Replicants Project\",\"description\":\"\",\"publisher\":{\"@id\":\"https:\/\/replicants-project.com\/et\/#organization\"},\"potentialAction\":[{\"@type\":\"SearchAction\",\"target\":{\"@type\":\"EntryPoint\",\"urlTemplate\":\"https:\/\/replicants-project.com\/et\/?s={search_term_string}\"},\"query-input\":\"required name=search_term_string\"}],\"inLanguage\":\"et\"},{\"@type\":\"Organization\",\"@id\":\"https:\/\/replicants-project.com\/et\/#organization\",\"name\":\"Replicants Project\",\"url\":\"https:\/\/replicants-project.com\/et\/\",\"logo\":{\"@type\":\"ImageObject\",\"inLanguage\":\"et\",\"@id\":\"https:\/\/replicants-project.com\/et\/#\/schema\/logo\/image\/\",\"url\":\"https:\/\/replicants-project.com\/wp-content\/uploads\/2022\/08\/unicorn.png\",\"contentUrl\":\"https:\/\/replicants-project.com\/wp-content\/uploads\/2022\/08\/unicorn.png\",\"width\":232,\"height\":235,\"caption\":\"Replicants Project\"},\"image\":{\"@id\":\"https:\/\/replicants-project.com\/et\/#\/schema\/logo\/image\/\"}}]}<\/script>\n<!-- \/ Yoast SEO plugin. -->","yoast_head_json":{"title":"Kodu - Replicants Project","robots":{"index":"index","follow":"follow","max-snippet":"max-snippet:-1","max-image-preview":"max-image-preview:large","max-video-preview":"max-video-preview:-1"},"canonical":"https:\/\/replicants-project.com\/et\/","og_locale":"et_EE","og_type":"article","og_title":"Kodu - Replicants Project","og_description":"Oleme Replicants Project, inimeste meeskond, kellel on pikk tehnoloogilise innovatsiooni ajalugu. Olime seal siis, kui Internet s\u00fcndis, ja oleme sellest ajast saadik j\u00e4lginud, kuidas see kasvab ja muutub. Oleme olnud pealtvaatajad ja osalised selle arengus. Oleme n\u00e4inud, kuidas Internet on muutunud lihtsast ideest globaalseks n\u00e4htuseks. Sellest on saanud meie igap\u00e4evaelu oluline osa, alates suhtlusest, kaubandusest [&hellip;]","og_url":"https:\/\/replicants-project.com\/et\/","og_site_name":"Replicants Project","article_modified_time":"2022-10-29T10:45:20+00:00","og_image":[{"url":"https:\/\/replicants-project.com\/wp-content\/uploads\/2022\/09\/4379407-160x300.jpg"}],"twitter_card":"summary_large_image","twitter_misc":{"Est. reading time":"1 minut"},"schema":{"@context":"https:\/\/schema.org","@graph":[{"@type":"WebPage","@id":"https:\/\/replicants-project.com\/et\/","url":"https:\/\/replicants-project.com\/et\/","name":"Kodu - Replicants Project","isPartOf":{"@id":"https:\/\/replicants-project.com\/et\/#website"},"datePublished":"2022-08-21T06:44:32+00:00","dateModified":"2022-10-29T10:45:20+00:00","breadcrumb":{"@id":"https:\/\/replicants-project.com\/et\/#breadcrumb"},"inLanguage":"et","potentialAction":[{"@type":"ReadAction","target":["https:\/\/replicants-project.com\/et\/"]}]},{"@type":"BreadcrumbList","@id":"https:\/\/replicants-project.com\/et\/#breadcrumb","itemListElement":[{"@type":"ListItem","position":1,"name":"Kodu","item":"https:\/\/replicants-project.com\/et\/"},{"@type":"ListItem","position":2,"name":"Kodu"}]},{"@type":"WebSite","@id":"https:\/\/replicants-project.com\/et\/#website","url":"https:\/\/replicants-project.com\/et\/","name":"Replicants Project","description":"","publisher":{"@id":"https:\/\/replicants-project.com\/et\/#organization"},"potentialAction":[{"@type":"SearchAction","target":{"@type":"EntryPoint","urlTemplate":"https:\/\/replicants-project.com\/et\/?s={search_term_string}"},"query-input":"required name=search_term_string"}],"inLanguage":"et"},{"@type":"Organization","@id":"https:\/\/replicants-project.com\/et\/#organization","name":"Replicants Project","url":"https:\/\/replicants-project.com\/et\/","logo":{"@type":"ImageObject","inLanguage":"et","@id":"https:\/\/replicants-project.com\/et\/#\/schema\/logo\/image\/","url":"https:\/\/replicants-project.com\/wp-content\/uploads\/2022\/08\/unicorn.png","contentUrl":"https:\/\/replicants-project.com\/wp-content\/uploads\/2022\/08\/unicorn.png","width":232,"height":235,"caption":"Replicants Project"},"image":{"@id":"https:\/\/replicants-project.com\/et\/#\/schema\/logo\/image\/"}}]}},"_links":{"self":[{"href":"https:\/\/replicants-project.com\/et\/wp-json\/wp\/v2\/pages\/74","targetHints":{"allow":["GET"]}}],"collection":[{"href":"https:\/\/replicants-project.com\/et\/wp-json\/wp\/v2\/pages"}],"about":[{"href":"https:\/\/replicants-project.com\/et\/wp-json\/wp\/v2\/types\/page"}],"author":[{"embeddable":true,"href":"https:\/\/replicants-project.com\/et\/wp-json\/wp\/v2\/users\/1"}],"replies":[{"embeddable":true,"href":"https:\/\/replicants-project.com\/et\/wp-json\/wp\/v2\/comments?post=74"}],"version-history":[{"count":5,"href":"https:\/\/replicants-project.com\/et\/wp-json\/wp\/v2\/pages\/74\/revisions"}],"predecessor-version":[{"id":406,"href":"https:\/\/replicants-project.com\/et\/wp-json\/wp\/v2\/pages\/74\/revisions\/406"}],"wp:attachment":[{"href":"https:\/\/replicants-project.com\/et\/wp-json\/wp\/v2\/media?parent=74"}],"curies":[{"name":"wp","href":"https:\/\/api.w.org\/{rel}","templated":true}]}}